{"id":845,"date":"2026-04-20T13:00:57","date_gmt":"2026-04-20T13:00:57","guid":{"rendered":"https:\/\/4fils.es\/socis\/"},"modified":"2026-04-21T15:28:34","modified_gmt":"2026-04-21T15:28:34","slug":"socis","status":"publish","type":"page","link":"https:\/\/4fils.es\/ca\/socis\/","title":{"rendered":"Socis"},"content":{"rendered":"<p>[et_pb_section fb_built=&#8221;1&#8243; _builder_version=&#8221;4.17.4&#8243; _module_preset=&#8221;default&#8221; background_image=&#8221;https:\/\/4fils.es\/wp-content\/uploads\/2022\/05\/home-2-4fils-min.jpg&#8221; parallax=&#8221;on&#8221; global_colors_info=&#8221;{}&#8221; theme_builder_area=&#8221;post_content&#8221;][et_pb_row custom_padding_last_edited=&#8221;on|phone&#8221; _builder_version=&#8221;4.17.4&#8243; _module_preset=&#8221;default&#8221; custom_padding=&#8221;8vh||||false|false&#8221; custom_padding_tablet=&#8221;45vh||||false|false&#8221; custom_padding_phone=&#8221;35vh||||false|false&#8221; global_colors_info=&#8221;{}&#8221; theme_builder_area=&#8221;post_content&#8221;][et_pb_column type=&#8221;4_4&#8243; _builder_version=&#8221;4.17.4&#8243; _module_preset=&#8221;default&#8221; global_colors_info=&#8221;{}&#8221; theme_builder_area=&#8221;post_content&#8221;][et_pb_text _builder_version=&#8221;4.27.6&#8243; _module_preset=&#8221;default&#8221; header_text_color=&#8221;#ffffff&#8221; animation_style=&#8221;fade&#8221; hover_enabled=&#8221;0&#8243; global_colors_info=&#8221;{}&#8221; theme_builder_area=&#8221;post_content&#8221; sticky_enabled=&#8221;0&#8243;]<\/p>\n<h1>Socis<\/h1>\n<p>[\/et_pb_text][\/et_pb_column][\/et_pb_row][\/et_pb_section][et_pb_section fb_built=&#8221;1&#8243; _builder_version=&#8221;4.17.4&#8243; _module_preset=&#8221;default&#8221; global_colors_info=&#8221;{}&#8221; theme_builder_area=&#8221;post_content&#8221;][et_pb_row _builder_version=&#8221;4.27.6&#8243; _module_preset=&#8221;default&#8221; custom_padding=&#8221;100px||0px|||&#8221; hover_enabled=&#8221;0&#8243; global_colors_info=&#8221;{}&#8221; theme_builder_area=&#8221;post_content&#8221; sticky_enabled=&#8221;0&#8243;][et_pb_column type=&#8221;4_4&#8243; _builder_version=&#8221;4.17.4&#8243; _module_preset=&#8221;default&#8221; custom_padding=&#8221;|5%|||false|false&#8221; global_colors_info=&#8221;{}&#8221; theme_builder_area=&#8221;post_content&#8221;][et_pb_image src=&#8221;https:\/\/4fils.es\/wp-content\/uploads\/2026\/04\/image001.jpg&#8221; title_text=&#8221;image001&#8243; _builder_version=&#8221;4.27.6&#8243; _module_preset=&#8221;default&#8221; global_colors_info=&#8221;{}&#8221; theme_builder_area=&#8221;post_content&#8221; border_radii=&#8221;on|20px|20px|20px|20px&#8221; hover_enabled=&#8221;0&#8243; sticky_enabled=&#8221;0&#8243; width=&#8221;250px&#8221; module_alignment=&#8221;center&#8221;][\/et_pb_image][et_pb_text _builder_version=&#8221;4.27.6&#8243; _module_preset=&#8221;default&#8221; animation_style=&#8221;fade&#8221; hover_enabled=&#8221;0&#8243; global_colors_info=&#8221;{}&#8221; theme_builder_area=&#8221;post_content&#8221; sticky_enabled=&#8221;0&#8243; custom_margin=&#8221;||-1px|||&#8221; text_orientation=&#8221;center&#8221;]<\/p>\n<h2>Bartolom\u00e9 Nicolau Llobera<\/h2>\n<p>[\/et_pb_text][et_pb_text _builder_version=&#8221;4.27.6&#8243; _module_preset=&#8221;default&#8221; theme_builder_area=&#8221;post_content&#8221; hover_enabled=&#8221;0&#8243; sticky_enabled=&#8221;0&#8243; text_orientation=&#8221;center&#8221;]<\/p>\n<p><em>Gerent i Soci majoritari<\/em><\/p>\n<p>[\/et_pb_text][et_pb_text _builder_version=&#8221;4.27.6&#8243; _module_preset=&#8221;default&#8221; theme_builder_area=&#8221;post_content&#8221; hover_enabled=&#8221;0&#8243; sticky_enabled=&#8221;0&#8243; text_orientation=&#8221;center&#8221;]<\/p>\n<p>Enginyer Industrial amb dilatada experi\u00e8ncia al Sector El\u00e8ctric.<\/p>\n<p>30 anys d&#8217;experi\u00e8ncia en enginyeria, gesti\u00f3 d&#8217;obra i execuci\u00f3 de les instal\u00b7lacions i muntatges el\u00e8ctrics.<\/p>\n<p><a href=\"https:\/\/linkedin.com\/in\/bartolom%C3%A9-n-ab640146\" target=\"_blank\" rel=\"noopener\">Linkedin<\/a><\/p>\n<p>&nbsp;<\/p>\n<p>[\/et_pb_text][\/et_pb_column][\/et_pb_row][et_pb_row column_structure=&#8221;1_2,1_2&#8243; _builder_version=&#8221;4.17.4&#8243; _module_preset=&#8221;default&#8221; custom_padding=&#8221;65px||0px|||&#8221; global_colors_info=&#8221;{}&#8221; theme_builder_area=&#8221;post_content&#8221;][et_pb_column type=&#8221;1_2&#8243; _builder_version=&#8221;4.17.4&#8243; _module_preset=&#8221;default&#8221; custom_padding=&#8221;|5%|||false|false&#8221; global_colors_info=&#8221;{}&#8221; theme_builder_area=&#8221;post_content&#8221;][et_pb_text _builder_version=&#8221;4.27.6&#8243; _module_preset=&#8221;default&#8221; animation_style=&#8221;fade&#8221; hover_enabled=&#8221;0&#8243; global_colors_info=&#8221;{}&#8221; theme_builder_area=&#8221;post_content&#8221; sticky_enabled=&#8221;0&#8243; custom_margin=&#8221;||-1px|||&#8221; text_orientation=&#8221;center&#8221;]<\/p>\n<h2>Mat\u00edas Noguera<\/h2>\n<p>[\/et_pb_text][et_pb_text _builder_version=&#8221;4.27.6&#8243; _module_preset=&#8221;default&#8221; theme_builder_area=&#8221;post_content&#8221; hover_enabled=&#8221;0&#8243; sticky_enabled=&#8221;0&#8243; text_orientation=&#8221;center&#8221;]<\/p>\n<p><em>Soci<\/em><\/p>\n<p>[\/et_pb_text][\/et_pb_column][et_pb_column type=&#8221;1_2&#8243; _builder_version=&#8221;4.17.4&#8243; _module_preset=&#8221;default&#8221; custom_padding=&#8221;|||5%|false|false&#8221; global_colors_info=&#8221;{}&#8221; theme_builder_area=&#8221;post_content&#8221;][et_pb_text _builder_version=&#8221;4.27.6&#8243; _module_preset=&#8221;default&#8221; animation_style=&#8221;fade&#8221; hover_enabled=&#8221;0&#8243; global_colors_info=&#8221;{}&#8221; theme_builder_area=&#8221;post_content&#8221; sticky_enabled=&#8221;0&#8243; custom_margin=&#8221;||-1px|||&#8221; text_orientation=&#8221;center&#8221;]<\/p>\n<h2>Gabriel Ferrer<\/h2>\n<p>[\/et_pb_text][et_pb_text _builder_version=&#8221;4.27.6&#8243; _module_preset=&#8221;default&#8221; theme_builder_area=&#8221;post_content&#8221; hover_enabled=&#8221;0&#8243; sticky_enabled=&#8221;0&#8243; text_orientation=&#8221;center&#8221;]<\/p>\n<p><em>Soci<\/em><\/p>\n<p>[\/et_pb_text][\/et_pb_column][\/et_pb_row][\/et_pb_section]<\/p>\n","protected":false},"excerpt":{"rendered":"<p>SocisBartolom\u00e9 Nicolau LloberaGerent i Soci majoritariEnginyer Industrial amb dilatada experi\u00e8ncia al Sector El\u00e8ctric. 30 anys d&#8217;experi\u00e8ncia en enginyeria, gesti\u00f3 d&#8217;obra i execuci\u00f3 de les instal\u00b7lacions i muntatges el\u00e8ctrics. Linkedin &nbsp;Mat\u00edas NogueraSociGabriel FerrerSoci<\/p>\n","protected":false},"author":1,"featured_media":0,"parent":0,"menu_order":0,"comment_status":"closed","ping_status":"closed","template":"","meta":{"_et_pb_use_builder":"on","_et_pb_old_content":"","_et_gb_content_width":"","footnotes":""},"class_list":["post-845","page","type-page","status-publish","hentry"],"yoast_head":"<!-- This site is optimized with the Yoast SEO plugin v27.4 - https:\/\/yoast.com\/product\/yoast-seo-wordpress\/ -->\n<title>Socis - 4Fils<\/title>\n<meta name=\"robots\" content=\"index, follow, max-snippet:-1, max-image-preview:large, max-video-preview:-1\" \/>\n<link rel=\"canonical\" href=\"https:\/\/4fils.es\/ca\/socis\/\" \/>\n<meta property=\"og:locale\" content=\"ca_ES\" \/>\n<meta property=\"og:type\" content=\"article\" \/>\n<meta property=\"og:title\" content=\"Socis - 4Fils\" \/>\n<meta property=\"og:description\" content=\"SocisBartolom\u00e9 Nicolau LloberaGerent i Soci majoritariEnginyer Industrial amb dilatada experi\u00e8ncia al Sector El\u00e8ctric. 30 anys d&#039;experi\u00e8ncia en enginyeria, gesti\u00f3 d&#039;obra i execuci\u00f3 de les instal\u00b7lacions i muntatges el\u00e8ctrics. Linkedin &nbsp;Mat\u00edas NogueraSociGabriel FerrerSoci\" \/>\n<meta property=\"og:url\" content=\"https:\/\/4fils.es\/ca\/socis\/\" \/>\n<meta property=\"og:site_name\" content=\"4Fils\" \/>\n<meta property=\"article:modified_time\" content=\"2026-04-21T15:28:34+00:00\" \/>\n<meta name=\"twitter:card\" content=\"summary_large_image\" \/>\n<meta name=\"twitter:label1\" content=\"Temps estimat de lectura\" \/>\n\t<meta name=\"twitter:data1\" content=\"3 minuts\" \/>\n<script type=\"application\/ld+json\" class=\"yoast-schema-graph\">{\"@context\":\"https:\\\/\\\/schema.org\",\"@graph\":[{\"@type\":\"WebPage\",\"@id\":\"https:\\\/\\\/4fils.es\\\/ca\\\/socis\\\/\",\"url\":\"https:\\\/\\\/4fils.es\\\/ca\\\/socis\\\/\",\"name\":\"Socis - 4Fils\",\"isPartOf\":{\"@id\":\"https:\\\/\\\/4fils.es\\\/#website\"},\"datePublished\":\"2026-04-20T13:00:57+00:00\",\"dateModified\":\"2026-04-21T15:28:34+00:00\",\"breadcrumb\":{\"@id\":\"https:\\\/\\\/4fils.es\\\/ca\\\/socis\\\/#breadcrumb\"},\"inLanguage\":\"ca\",\"potentialAction\":[{\"@type\":\"ReadAction\",\"target\":[\"https:\\\/\\\/4fils.es\\\/ca\\\/socis\\\/\"]}]},{\"@type\":\"BreadcrumbList\",\"@id\":\"https:\\\/\\\/4fils.es\\\/ca\\\/socis\\\/#breadcrumb\",\"itemListElement\":[{\"@type\":\"ListItem\",\"position\":1,\"name\":\"Portada\",\"item\":\"https:\\\/\\\/4fils.es\\\/ca\\\/\"},{\"@type\":\"ListItem\",\"position\":2,\"name\":\"Socis\"}]},{\"@type\":\"WebSite\",\"@id\":\"https:\\\/\\\/4fils.es\\\/#website\",\"url\":\"https:\\\/\\\/4fils.es\\\/\",\"name\":\"4Fils\",\"description\":\"Ingenieria e instalaciones\",\"potentialAction\":[{\"@type\":\"SearchAction\",\"target\":{\"@type\":\"EntryPoint\",\"urlTemplate\":\"https:\\\/\\\/4fils.es\\\/?s={search_term_string}\"},\"query-input\":{\"@type\":\"PropertyValueSpecification\",\"valueRequired\":true,\"valueName\":\"search_term_string\"}}],\"inLanguage\":\"ca\"}]}<\/script>\n<!-- \/ Yoast SEO plugin. -->","yoast_head_json":{"title":"Socis - 4Fils","robots":{"index":"index","follow":"follow","max-snippet":"max-snippet:-1","max-image-preview":"max-image-preview:large","max-video-preview":"max-video-preview:-1"},"canonical":"https:\/\/4fils.es\/ca\/socis\/","og_locale":"ca_ES","og_type":"article","og_title":"Socis - 4Fils","og_description":"SocisBartolom\u00e9 Nicolau LloberaGerent i Soci majoritariEnginyer Industrial amb dilatada experi\u00e8ncia al Sector El\u00e8ctric. 30 anys d'experi\u00e8ncia en enginyeria, gesti\u00f3 d'obra i execuci\u00f3 de les instal\u00b7lacions i muntatges el\u00e8ctrics. Linkedin &nbsp;Mat\u00edas NogueraSociGabriel FerrerSoci","og_url":"https:\/\/4fils.es\/ca\/socis\/","og_site_name":"4Fils","article_modified_time":"2026-04-21T15:28:34+00:00","twitter_card":"summary_large_image","twitter_misc":{"Temps estimat de lectura":"3 minuts"},"schema":{"@context":"https:\/\/schema.org","@graph":[{"@type":"WebPage","@id":"https:\/\/4fils.es\/ca\/socis\/","url":"https:\/\/4fils.es\/ca\/socis\/","name":"Socis - 4Fils","isPartOf":{"@id":"https:\/\/4fils.es\/#website"},"datePublished":"2026-04-20T13:00:57+00:00","dateModified":"2026-04-21T15:28:34+00:00","breadcrumb":{"@id":"https:\/\/4fils.es\/ca\/socis\/#breadcrumb"},"inLanguage":"ca","potentialAction":[{"@type":"ReadAction","target":["https:\/\/4fils.es\/ca\/socis\/"]}]},{"@type":"BreadcrumbList","@id":"https:\/\/4fils.es\/ca\/socis\/#breadcrumb","itemListElement":[{"@type":"ListItem","position":1,"name":"Portada","item":"https:\/\/4fils.es\/ca\/"},{"@type":"ListItem","position":2,"name":"Socis"}]},{"@type":"WebSite","@id":"https:\/\/4fils.es\/#website","url":"https:\/\/4fils.es\/","name":"4Fils","description":"Ingenieria e instalaciones","potentialAction":[{"@type":"SearchAction","target":{"@type":"EntryPoint","urlTemplate":"https:\/\/4fils.es\/?s={search_term_string}"},"query-input":{"@type":"PropertyValueSpecification","valueRequired":true,"valueName":"search_term_string"}}],"inLanguage":"ca"}]}},"_links":{"self":[{"href":"https:\/\/4fils.es\/ca\/wp-json\/wp\/v2\/pages\/845","targetHints":{"allow":["GET"]}}],"collection":[{"href":"https:\/\/4fils.es\/ca\/wp-json\/wp\/v2\/pages"}],"about":[{"href":"https:\/\/4fils.es\/ca\/wp-json\/wp\/v2\/types\/page"}],"author":[{"embeddable":true,"href":"https:\/\/4fils.es\/ca\/wp-json\/wp\/v2\/users\/1"}],"replies":[{"embeddable":true,"href":"https:\/\/4fils.es\/ca\/wp-json\/wp\/v2\/comments?post=845"}],"version-history":[{"count":5,"href":"https:\/\/4fils.es\/ca\/wp-json\/wp\/v2\/pages\/845\/revisions"}],"predecessor-version":[{"id":859,"href":"https:\/\/4fils.es\/ca\/wp-json\/wp\/v2\/pages\/845\/revisions\/859"}],"wp:attachment":[{"href":"https:\/\/4fils.es\/ca\/wp-json\/wp\/v2\/media?parent=845"}],"curies":[{"name":"wp","href":"https:\/\/api.w.org\/{rel}","templated":true}]}}