{"id":462,"date":"2022-05-23T16:10:18","date_gmt":"2022-05-23T16:10:18","guid":{"rendered":"https:\/\/4fils.es\/firma\/"},"modified":"2022-11-02T09:45:15","modified_gmt":"2022-11-02T09:45:15","slug":"firma","status":"publish","type":"page","link":"https:\/\/4fils.es\/de\/firma\/","title":{"rendered":"Firma"},"content":{"rendered":"<p>[et_pb_section fb_built=&#8220;1&#8243; _builder_version=&#8220;4.17.4&#8243; _module_preset=&#8220;default&#8220; background_image=&#8220;https:\/\/4fils.es\/wp-content\/uploads\/2022\/05\/home-2-4fils-min.jpg&#8220; parallax=&#8220;on&#8220; global_colors_info=&#8220;{}&#8220;][et_pb_row custom_padding_last_edited=&#8220;on|phone&#8220; _builder_version=&#8220;4.17.4&#8243; _module_preset=&#8220;default&#8220; custom_padding=&#8220;15vh||||false|false&#8220; custom_padding_tablet=&#8220;45vh||||false|false&#8220; custom_padding_phone=&#8220;35vh||||false|false&#8220; global_colors_info=&#8220;{}&#8220;][et_pb_column type=&#8220;4_4&#8243; _builder_version=&#8220;4.17.4&#8243; _module_preset=&#8220;default&#8220; global_colors_info=&#8220;{}&#8220;][et_pb_text _builder_version=&#8220;4.17.4&#8243; _module_preset=&#8220;default&#8220; header_text_color=&#8220;#ffffff&#8220; header_4_text_color=&#8220;#ffffff&#8220; custom_margin=&#8220;||0px|||&#8220; animation_style=&#8220;fade&#8220; global_colors_info=&#8220;{}&#8220;]<\/p>\n<h4>Seit 2010<\/h4>\n<p>[\/et_pb_text][et_pb_text _builder_version=&#8220;4.17.4&#8243; _module_preset=&#8220;default&#8220; header_text_color=&#8220;#ffffff&#8220; animation_style=&#8220;fade&#8220; global_colors_info=&#8220;{}&#8220;]<\/p>\n<h1>4Fils Ingenieurdienstleistungen und Anlagen<\/h1>\n<p>[\/et_pb_text][\/et_pb_column][\/et_pb_row][\/et_pb_section][et_pb_section fb_built=&#8220;1&#8243; _builder_version=&#8220;4.17.4&#8243; _module_preset=&#8220;default&#8220; global_colors_info=&#8220;{}&#8220;][et_pb_row column_structure=&#8220;1_2,1_2&#8243; _builder_version=&#8220;4.17.4&#8243; _module_preset=&#8220;default&#8220; custom_padding=&#8220;100px||0px|||&#8220; global_colors_info=&#8220;{}&#8220;][et_pb_column type=&#8220;1_2&#8243; _builder_version=&#8220;4.17.4&#8243; _module_preset=&#8220;default&#8220; custom_padding=&#8220;|5%|||false|false&#8220; global_colors_info=&#8220;{}&#8220;][et_pb_image src=&#8220;https:\/\/4fils.es\/wp-content\/uploads\/2022\/05\/4fils-logo-enginyeria-min.png&#8220; title_text=&#8220;4fils-logo-enginyeria-min&#8220; align=&#8220;center&#8220; _builder_version=&#8220;4.17.4&#8243; _module_preset=&#8220;default&#8220; module_alignment=&#8220;center&#8220; height=&#8220;175px&#8220; global_colors_info=&#8220;{}&#8220;][\/et_pb_image][\/et_pb_column][et_pb_column type=&#8220;1_2&#8243; _builder_version=&#8220;4.17.4&#8243; _module_preset=&#8220;default&#8220; custom_padding=&#8220;|5%|||false|false&#8220; global_colors_info=&#8220;{}&#8220;][et_pb_image src=&#8220;https:\/\/4fils.es\/wp-content\/uploads\/2022\/06\/4fils-logo-solar-v2-min.png&#8220; title_text=&#8220;4fils-logo-solar-v2-min&#8220; align=&#8220;center&#8220; _builder_version=&#8220;4.17.4&#8243; _module_preset=&#8220;default&#8220; height=&#8220;175px&#8220; global_colors_info=&#8220;{}&#8220;][\/et_pb_image][\/et_pb_column][\/et_pb_row][et_pb_row column_structure=&#8220;1_2,1_2&#8243; _builder_version=&#8220;4.17.4&#8243; _module_preset=&#8220;default&#8220; custom_padding=&#8220;100px||0px|||&#8220; global_colors_info=&#8220;{}&#8220;][et_pb_column type=&#8220;1_2&#8243; _builder_version=&#8220;4.17.4&#8243; _module_preset=&#8220;default&#8220; custom_padding=&#8220;|5%|||false|false&#8220; global_colors_info=&#8220;{}&#8220;][et_pb_text _builder_version=&#8220;4.17.4&#8243; _module_preset=&#8220;default&#8220; animation_style=&#8220;fade&#8220; global_colors_info=&#8220;{}&#8220;]<\/p>\n<p><strong>Instal.lacions 4Fils<\/strong> ist ein mallorquinisches Unternehmen, das im Mai 2010 mit dem klaren Ziel gegr\u00fcndet wurde, die h\u00f6chste Professionalit\u00e4t und Qualit\u00e4t gegen\u00fcber ihren Kunden sicherzustellen. Seit mehr als 11 Jahren widmen wir uns dem Neuanlagenmanagement und Geb\u00e4udesanierungen f\u00fcr nahezu den gesamten Bausektor auf den Balearen. In dieser Zeit hat 4Fils ein st\u00e4ndiges Wachstum verzeichnet, sowohl in Bezug auf ihre T\u00e4tigkeit als auch im Hinblick auf die Diversifikation und Anpassungsf\u00e4higkeit ihrer Dienstleistungen, was sich in den steigenden Umsatzzahlen sowie im Ausbau des Teams bei 4Fils widerspiegelt.<\/p>\n<p>[\/et_pb_text][\/et_pb_column][et_pb_column type=&#8220;1_2&#8243; _builder_version=&#8220;4.17.4&#8243; _module_preset=&#8220;default&#8220; custom_padding=&#8220;|||5%|false|false&#8220; global_colors_info=&#8220;{}&#8220;][et_pb_text _builder_version=&#8220;4.17.4&#8243; _module_preset=&#8220;default&#8220; animation_style=&#8220;fade&#8220; global_colors_info=&#8220;{}&#8220;]<\/p>\n<p>Zurzeit befindet sich die Firma daher in einer Konsolidierungsphase ihres Wachstums. Wir m\u00f6chten uns nicht nur in der Gegenwart, sondern auch in naher Zukunft neuen und ehrgeizigen Projekten in unserem T\u00e4tigkeitsbereich stellen und ferner unsere Dienstleistungen ausweiten und neue Gesch\u00e4ftsbereiche erschlie\u00dfen und somit mit Optimismus und Ehrgeiz in die Zukunft blicken.<\/p>\n<p>[\/et_pb_text][\/et_pb_column][\/et_pb_row][\/et_pb_section][et_pb_section fb_built=&#8220;1&#8243; _builder_version=&#8220;4.17.4&#8243; _module_preset=&#8220;default&#8220; background_image=&#8220;https:\/\/4fils.es\/wp-content\/uploads\/2022\/05\/home-1-4fils-min.jpg&#8220; parallax=&#8220;on&#8220; min_height=&#8220;55vh&#8220; global_colors_info=&#8220;{}&#8220;][et_pb_row _builder_version=&#8220;4.17.4&#8243; _module_preset=&#8220;default&#8220; global_colors_info=&#8220;{}&#8220;][et_pb_column type=&#8220;4_4&#8243; _builder_version=&#8220;4.17.4&#8243; _module_preset=&#8220;default&#8220; global_colors_info=&#8220;{}&#8220;][\/et_pb_column][\/et_pb_row][\/et_pb_section][et_pb_section fb_built=&#8220;1&#8243; _builder_version=&#8220;4.17.4&#8243; _module_preset=&#8220;default&#8220; global_colors_info=&#8220;{}&#8220;][et_pb_row _builder_version=&#8220;4.17.4&#8243; _module_preset=&#8220;default&#8220; custom_padding=&#8220;60px|||||&#8220; global_colors_info=&#8220;{}&#8220;][et_pb_column type=&#8220;4_4&#8243; _builder_version=&#8220;4.17.4&#8243; _module_preset=&#8220;default&#8220; global_colors_info=&#8220;{}&#8220;][et_pb_text _builder_version=&#8220;4.17.6&#8243; _module_preset=&#8220;default&#8220; animation_style=&#8220;fade&#8220; hover_enabled=&#8220;0&#8243; global_colors_info=&#8220;{}&#8220; header_2_text_color=&#8220;#E84E1A&#8220; sticky_enabled=&#8220;0&#8243;]<\/p>\n<h2>Ethik-Kodex<\/h2>\n<p>[\/et_pb_text][\/et_pb_column][\/et_pb_row][et_pb_row _builder_version=&#8220;4.17.4&#8243; _module_preset=&#8220;default&#8220; custom_padding=&#8220;0px||0px|||&#8220; global_colors_info=&#8220;{}&#8220;][et_pb_column type=&#8220;4_4&#8243; _builder_version=&#8220;4.17.4&#8243; _module_preset=&#8220;default&#8220; custom_padding=&#8220;|5%|||false|false&#8220; global_colors_info=&#8220;{}&#8220;][et_pb_text _builder_version=&#8220;4.17.4&#8243; _module_preset=&#8220;default&#8220; animation_style=&#8220;fade&#8220; global_colors_info=&#8220;{}&#8220;]<\/p>\n<p>INSTAL.LACIONS 4FILS S.L. hat sich im Rahmen seiner Unternehmenspolitik freiwillig dazu verpflichtet, diesen Ethik-Kodex auszuarbeiten, der auf der Website des Unternehmens ver\u00f6ffentlicht werden wird. Der Ethik-Kodex umfasst die Unternehmensphilosophie, ihre Vision und Werte. Hauptziel ist dabei die F\u00f6rderung einer Compliance-Kultur nicht nur in Bezug auf die geltenden Vorschriften, sondern auch auf die Werte, auf denen die Identit\u00e4t des Unternehmens basiert.<\/p>\n<p>[\/et_pb_text][et_pb_text _builder_version=&#8220;4.17.6&#8243; _module_preset=&#8220;default&#8220; custom_margin=&#8220;60px|||||&#8220; animation_style=&#8220;fade&#8220; hover_enabled=&#8220;0&#8243; global_colors_info=&#8220;{}&#8220; header_3_text_color=&#8220;#E84E1A&#8220; sticky_enabled=&#8220;0&#8243;]<\/p>\n<h3>Anwendungsbereich<\/h3>\n<p>[\/et_pb_text][et_pb_text _builder_version=&#8220;4.17.4&#8243; _module_preset=&#8220;default&#8220; animation_style=&#8220;fade&#8220; global_colors_info=&#8220;{}&#8220;]<\/p>\n<p>Dieser Ethik-Kodex richtet sich sowohl an alle Angestellte als auch an externe Partner wie Lieferanten und Kunden.<\/p>\n<p>[\/et_pb_text][\/et_pb_column][\/et_pb_row][et_pb_row _builder_version=&#8220;4.17.4&#8243; _module_preset=&#8220;default&#8220; custom_padding=&#8220;100px|||||&#8220; global_colors_info=&#8220;{}&#8220;][et_pb_column type=&#8220;4_4&#8243; _builder_version=&#8220;4.17.4&#8243; _module_preset=&#8220;default&#8220; global_colors_info=&#8220;{}&#8220;][et_pb_text _builder_version=&#8220;4.17.6&#8243; _module_preset=&#8220;default&#8220; animation_style=&#8220;fade&#8220; hover_enabled=&#8220;0&#8243; global_colors_info=&#8220;{}&#8220; header_2_text_color=&#8220;#E84E1A&#8220; sticky_enabled=&#8220;0&#8243;]<\/p>\n<h2>Unternehmenspolitik, Vision und Werte<\/h2>\n<p>[\/et_pb_text][\/et_pb_column][\/et_pb_row][et_pb_row column_structure=&#8220;1_2,1_2&#8243; _builder_version=&#8220;4.17.4&#8243; _module_preset=&#8220;default&#8220; custom_padding=&#8220;0px||0px|||&#8220; global_colors_info=&#8220;{}&#8220;][et_pb_column type=&#8220;1_2&#8243; _builder_version=&#8220;4.17.4&#8243; _module_preset=&#8220;default&#8220; custom_padding=&#8220;|5%|||false|false&#8220; global_colors_info=&#8220;{}&#8220;][et_pb_text _builder_version=&#8220;4.17.4&#8243; _module_preset=&#8220;default&#8220; animation_style=&#8220;fade&#8220; hover_enabled=&#8220;0&#8243; global_colors_info=&#8220;{}&#8220; sticky_enabled=&#8220;0&#8243;]<\/p>\n<p><strong>4Fils hat sich zum Ziel gesetzt<\/strong>, Elektroinstallationen in allen von ihr bedienten Bereichen auszuf\u00fchren und dabei einen Mehrwert f\u00fcr Kunden, Mitarbeiter und Partner zu schaffen.<\/p>\n<p>[\/et_pb_text][\/et_pb_column][et_pb_column type=&#8220;1_2&#8243; _builder_version=&#8220;4.17.4&#8243; _module_preset=&#8220;default&#8220; custom_padding=&#8220;|5%|||false|false&#8220; global_colors_info=&#8220;{}&#8220;][et_pb_text _builder_version=&#8220;4.17.4&#8243; _module_preset=&#8220;default&#8220; animation_style=&#8220;fade&#8220; global_colors_info=&#8220;{}&#8220;]<\/p>\n<p><strong>Das Hauptaugenmerk von 4Fils<\/strong> liegt dabei, sich als Marktf\u00fchrer f\u00fcr Installationen auf den Balearen (auf dem spanischen Markt) zu etablieren und ihre Kunden bei der Ausf\u00fchrung ihrer Projekte durch die Gew\u00e4hrleistung von Mehrwert, Qualit\u00e4t und Fachwissen zu unterst\u00fctzen.<\/p>\n<p>[\/et_pb_text][\/et_pb_column][\/et_pb_row][et_pb_row _builder_version=&#8220;4.17.4&#8243; _module_preset=&#8220;default&#8220; custom_margin=&#8220;60px|auto||auto||&#8220; custom_padding=&#8220;0px||0px|||&#8220; global_colors_info=&#8220;{}&#8220;][et_pb_column type=&#8220;4_4&#8243; _builder_version=&#8220;4.17.4&#8243; _module_preset=&#8220;default&#8220; custom_padding=&#8220;|5%|||false|false&#8220; global_colors_info=&#8220;{}&#8220;][et_pb_text _builder_version=&#8220;4.17.4&#8243; _module_preset=&#8220;default&#8220; animation_style=&#8220;fade&#8220; global_colors_info=&#8220;{}&#8220;]<\/p>\n<p><strong>Die folgenden WERTE zeichnen 4Fils<\/strong> als Unternehmen aus:<\/p>\n<p>[\/et_pb_text][\/et_pb_column][\/et_pb_row][\/et_pb_section][et_pb_section fb_built=&#8220;1&#8243; _builder_version=&#8220;4.17.4&#8243; _module_preset=&#8220;default&#8220; background_color=&#8220;#2A2C2B&#8220; global_colors_info=&#8220;{}&#8220;][et_pb_row column_structure=&#8220;1_2,1_2&#8243; _builder_version=&#8220;4.17.4&#8243; _module_preset=&#8220;default&#8220; custom_padding=&#8220;100px||60px|||&#8220; border_width_bottom=&#8220;1px&#8220; border_color_bottom=&#8220;#E84E1A&#8220; global_colors_info=&#8220;{}&#8220;][et_pb_column type=&#8220;1_2&#8243; _builder_version=&#8220;4.17.4&#8243; _module_preset=&#8220;default&#8220; global_colors_info=&#8220;{}&#8220;][et_pb_text _builder_version=&#8220;4.17.6&#8243; _module_preset=&#8220;default&#8220; header_text_color=&#8220;#ffffff&#8220; header_2_text_color=&#8220;#ffffff&#8220; header_3_text_color=&#8220;#E84E1A&#8220; animation_style=&#8220;fade&#8220; hover_enabled=&#8220;0&#8243; global_colors_info=&#8220;{}&#8220; sticky_enabled=&#8220;0&#8243;]<\/p>\n<h3>Ehrlichkeit und Ethik<\/h3>\n<p>[\/et_pb_text][et_pb_text _builder_version=&#8220;4.17.4&#8243; _module_preset=&#8220;default&#8220; text_text_color=&#8220;#ffffff&#8220; global_colors_info=&#8220;{}&#8220;]<\/p>\n<p>Ehrlichkeit und Berufsethik sind fester Bestandteil der Firmen-DNA von 4Fils. Sie bilden die grundlegenden Werte der Unternehmenspolitik und zeichnen alle Beziehungen zwischen der Firma sowie ihren Kunden und Lieferanten aus. Dies spiegelt sich in der Tatsache wider, dass 80 % unserer Gesch\u00e4ftsbeziehungen dank der Schaffung jener nachhaltigen Beziehungen mit Kunden und Lieferanten auf wiederkehrenden Beauftragungen basieren.<\/p>\n<p>[\/et_pb_text][\/et_pb_column][et_pb_column type=&#8220;1_2&#8243; _builder_version=&#8220;4.17.4&#8243; _module_preset=&#8220;default&#8220; global_colors_info=&#8220;{}&#8220;][et_pb_image src=&#8220;https:\/\/4fils.es\/wp-content\/uploads\/2022\/06\/honestidad-etica.png&#8220; title_text=&#8220;honestidad-etica&#8220; align=&#8220;center&#8220; _builder_version=&#8220;4.17.4&#8243; _module_preset=&#8220;default&#8220; width=&#8220;35%&#8220; width_tablet=&#8220;35%&#8220; width_phone=&#8220;34%&#8220; width_last_edited=&#8220;on|phone&#8220; global_colors_info=&#8220;{}&#8220;][\/et_pb_image][\/et_pb_column][\/et_pb_row][et_pb_row column_structure=&#8220;1_2,1_2&#8243; _builder_version=&#8220;4.17.4&#8243; _module_preset=&#8220;default&#8220; custom_padding=&#8220;60px||60px|||&#8220; border_width_bottom=&#8220;1px&#8220; border_color_bottom=&#8220;#E84E1A&#8220; global_colors_info=&#8220;{}&#8220;][et_pb_column type=&#8220;1_2&#8243; _builder_version=&#8220;4.17.4&#8243; _module_preset=&#8220;default&#8220; global_colors_info=&#8220;{}&#8220;][et_pb_text _builder_version=&#8220;4.17.6&#8243; _module_preset=&#8220;default&#8220; header_text_color=&#8220;#ffffff&#8220; header_2_text_color=&#8220;#ffffff&#8220; header_3_text_color=&#8220;#E84E1A&#8220; animation_style=&#8220;fade&#8220; hover_enabled=&#8220;0&#8243; global_colors_info=&#8220;{}&#8220; sticky_enabled=&#8220;0&#8243;]<\/p>\n<h3>Engagement, Professionalit\u00e4t und Dienstleistungsorientierung gegen\u00fcber Kunden und Lieferanten<\/h3>\n<p>[\/et_pb_text][et_pb_text _builder_version=&#8220;4.17.4&#8243; _module_preset=&#8220;default&#8220; text_text_color=&#8220;#ffffff&#8220; global_colors_info=&#8220;{}&#8220;]<\/p>\n<p>Bei 4Fils sind wir der festen \u00dcberzeugung, dass Engagement, Professionalit\u00e4t und Dienstleistungsorientierung gegen\u00fcber Kunden und Lieferanten einen entscheidenden Unterschied zu unseren Mitbewerbern ausmachen. Auf der Grundlage dieser Werte haben wir unsere Unternehmenspolitik entwickelt, da wir der Meinung sind, dass nur so dauerhafte Beziehungen sowohl zu den Angestellten und internen Mitarbeitern als auch zu Kunden und Lieferanten entstehen k\u00f6nnen.<\/p>\n<p>[\/et_pb_text][\/et_pb_column][et_pb_column type=&#8220;1_2&#8243; _builder_version=&#8220;4.17.4&#8243; _module_preset=&#8220;default&#8220; global_colors_info=&#8220;{}&#8220;][et_pb_image src=&#8220;https:\/\/4fils.es\/wp-content\/uploads\/2022\/06\/compromiso.png&#8220; title_text=&#8220;Engagement&#8220; align=&#8220;center&#8220; _builder_version=&#8220;4.17.4&#8243; _module_preset=&#8220;default&#8220; width=&#8220;35%&#8220; width_tablet=&#8220;35%&#8220; width_phone=&#8220;34%&#8220; width_last_edited=&#8220;on|phone&#8220; global_colors_info=&#8220;{}&#8220;][\/et_pb_image][\/et_pb_column][\/et_pb_row][et_pb_row column_structure=&#8220;1_2,1_2&#8243; _builder_version=&#8220;4.17.4&#8243; _module_preset=&#8220;default&#8220; custom_padding=&#8220;60px||60px|||&#8220; border_width_bottom=&#8220;1px&#8220; border_color_bottom=&#8220;#E84E1A&#8220; global_colors_info=&#8220;{}&#8220;][et_pb_column type=&#8220;1_2&#8243; _builder_version=&#8220;4.17.4&#8243; _module_preset=&#8220;default&#8220; global_colors_info=&#8220;{}&#8220;][et_pb_text _builder_version=&#8220;4.17.6&#8243; _module_preset=&#8220;default&#8220; header_text_color=&#8220;#ffffff&#8220; header_2_text_color=&#8220;#ffffff&#8220; header_3_text_color=&#8220;#E84E1A&#8220; animation_style=&#8220;fade&#8220; hover_enabled=&#8220;0&#8243; global_colors_info=&#8220;{}&#8220; sticky_enabled=&#8220;0&#8243;]<\/p>\n<h3>Bewusstsein und Zuverl\u00e4ssigkeit<\/h3>\n<p>[\/et_pb_text][et_pb_text _builder_version=&#8220;4.17.4&#8243; _module_preset=&#8220;default&#8220; text_text_color=&#8220;#ffffff&#8220; global_colors_info=&#8220;{}&#8220;]<\/p>\n<p>Bei 4Fils sind wir uns \u00fcber unsere Urspr\u00fcnge und Entwicklung im Klaren: Seit unserer Gr\u00fcndung haben wir ein st\u00e4ndiges Wachstum verzeichnet, was unseren Kompromiss, qualitativ hochwertige Dienstleistungen anzubieten, nur verst\u00e4rkt hat.<br \/>Unsere Firma ist sich verbesserungsw\u00fcrdigen Bereichen und ihrer Grenzen bei bestimmten Projekten bewusst. Wir bem\u00fchen uns stets, weiterhin zu wachsen und uns weiterzuentwickeln. Sollte aber ein Projekt nach einer ausf\u00fchrlichen Analyse nicht durch uns ausf\u00fchrbar sein, so geben wir es an einen Dritten weiter \u2013 Respekt, Bescheidenheit und Zuverl\u00e4ssigkeit bilden die Grundlage unserer T\u00e4tigkeit.<\/p>\n<p>[\/et_pb_text][\/et_pb_column][et_pb_column type=&#8220;1_2&#8243; _builder_version=&#8220;4.17.4&#8243; _module_preset=&#8220;default&#8220; global_colors_info=&#8220;{}&#8220;][et_pb_image src=&#8220;https:\/\/4fils.es\/wp-content\/uploads\/2022\/06\/humildad.png&#8220; title_text=&#8220;Bewusstsein&#8220; align=&#8220;center&#8220; _builder_version=&#8220;4.17.4&#8243; _module_preset=&#8220;default&#8220; width=&#8220;35%&#8220; width_tablet=&#8220;35%&#8220; width_phone=&#8220;34%&#8220; width_last_edited=&#8220;on|phone&#8220; global_colors_info=&#8220;{}&#8220;][\/et_pb_image][\/et_pb_column][\/et_pb_row][et_pb_row column_structure=&#8220;1_2,1_2&#8243; _builder_version=&#8220;4.17.4&#8243; _module_preset=&#8220;default&#8220; custom_padding=&#8220;60px||100px|||&#8220; global_colors_info=&#8220;{}&#8220;][et_pb_column type=&#8220;1_2&#8243; _builder_version=&#8220;4.17.4&#8243; _module_preset=&#8220;default&#8220; global_colors_info=&#8220;{}&#8220;][et_pb_text _builder_version=&#8220;4.17.6&#8243; _module_preset=&#8220;default&#8220; header_text_color=&#8220;#ffffff&#8220; header_2_text_color=&#8220;#ffffff&#8220; header_3_text_color=&#8220;#E84E1A&#8220; animation_style=&#8220;fade&#8220; hover_enabled=&#8220;0&#8243; global_colors_info=&#8220;{}&#8220; sticky_enabled=&#8220;0&#8243;]<\/p>\n<h3>Flexibilit\u00e4t, Anpassungsf\u00e4higkeit und Teamarbeit<\/h3>\n<p>[\/et_pb_text][et_pb_text _builder_version=&#8220;4.17.4&#8243; _module_preset=&#8220;default&#8220; text_text_color=&#8220;#ffffff&#8220; global_colors_info=&#8220;{}&#8220;]<\/p>\n<p>Sowohl die Flexibilit\u00e4t und Anpassungsf\u00e4higkeit an die M\u00e4rkte, T\u00e4tigkeitsbereiche und Projekttypen als auch die F\u00f6rderung der Teamarbeit haben sich stets als grundlegende ST\u00c4RKEN von 4Fils erwiesen. Darauf beruhen die Erfolge der Firma, da die Gesch\u00e4ftsleitung selbst diese Werte an die Mitarbeiter weitergibt. Sowohl unsere heutige Welt als auch die professionellen T\u00e4tigkeiten befinden sich im st\u00e4ndigen Wandel und erfordern somit von unserem Unternehmen eine Flexibilit\u00e4t und Anpassungsf\u00e4higkeit, die den gegebenen Umst\u00e4nden gerecht werden m\u00fcssen. Wir sind daher stets bereit, uns u. a. Ver\u00e4nderungen, neuen Herausforderungen und Projekten zu stellen und dabei gezielt die passendsten Vorschl\u00e4ge zu unterbreiten und besten L\u00f6sungen hervorzubringen. <\/p>\n<p>[\/et_pb_text][\/et_pb_column][et_pb_column type=&#8220;1_2&#8243; _builder_version=&#8220;4.17.4&#8243; _module_preset=&#8220;default&#8220; global_colors_info=&#8220;{}&#8220;][et_pb_image src=&#8220;https:\/\/4fils.es\/wp-content\/uploads\/2022\/06\/flexibilidad.png&#8220; title_text=&#8220;Flexibilit\u00e4t&#8220; align=&#8220;center&#8220; _builder_version=&#8220;4.17.4&#8243; _module_preset=&#8220;default&#8220; width=&#8220;35%&#8220; width_tablet=&#8220;35%&#8220; width_phone=&#8220;34%&#8220; width_last_edited=&#8220;on|phone&#8220; global_colors_info=&#8220;{}&#8220;][\/et_pb_image][\/et_pb_column][\/et_pb_row][\/et_pb_section]<\/p>\n","protected":false},"excerpt":{"rendered":"<p>Seit 20104Fils Ingenieurdienstleistungen und AnlagenInstal.lacions 4Fils ist ein mallorquinisches Unternehmen, das im Mai 2010 mit dem klaren Ziel gegr\u00fcndet wurde, die h\u00f6chste Professionalit\u00e4t und Qualit\u00e4t gegen\u00fcber ihren Kunden sicherzustellen. Seit mehr als 11 Jahren widmen wir uns dem Neuanlagenmanagement und Geb\u00e4udesanierungen f\u00fcr nahezu den gesamten Bausektor auf den Balearen. In dieser Zeit hat 4Fils ein [&hellip;]<\/p>\n","protected":false},"author":1,"featured_media":0,"parent":0,"menu_order":0,"comment_status":"closed","ping_status":"closed","template":"","meta":{"_et_pb_use_builder":"on","_et_pb_old_content":"","_et_gb_content_width":"","footnotes":""},"class_list":["post-462","page","type-page","status-publish","hentry"],"yoast_head":"<!-- This site is optimized with the Yoast SEO plugin v27.4 - https:\/\/yoast.com\/product\/yoast-seo-wordpress\/ -->\n<title>Firma - 4Fils<\/title>\n<meta name=\"robots\" content=\"index, follow, max-snippet:-1, max-image-preview:large, max-video-preview:-1\" \/>\n<link rel=\"canonical\" href=\"https:\/\/4fils.es\/de\/firma\/\" \/>\n<meta property=\"og:locale\" content=\"de_DE\" \/>\n<meta property=\"og:type\" content=\"article\" \/>\n<meta property=\"og:title\" content=\"Firma - 4Fils\" \/>\n<meta property=\"og:description\" content=\"Seit 20104Fils Ingenieurdienstleistungen und AnlagenInstal.lacions 4Fils ist ein mallorquinisches Unternehmen, das im Mai 2010 mit dem klaren Ziel gegr\u00fcndet wurde, die h\u00f6chste Professionalit\u00e4t und Qualit\u00e4t gegen\u00fcber ihren Kunden sicherzustellen. Seit mehr als 11 Jahren widmen wir uns dem Neuanlagenmanagement und Geb\u00e4udesanierungen f\u00fcr nahezu den gesamten Bausektor auf den Balearen. In dieser Zeit hat 4Fils ein [&hellip;]\" \/>\n<meta property=\"og:url\" content=\"https:\/\/4fils.es\/de\/firma\/\" \/>\n<meta property=\"og:site_name\" content=\"4Fils\" \/>\n<meta property=\"article:modified_time\" content=\"2022-11-02T09:45:15+00:00\" \/>\n<meta name=\"twitter:card\" content=\"summary_large_image\" \/>\n<meta name=\"twitter:label1\" content=\"Gesch\u00e4tzte Lesezeit\" \/>\n\t<meta name=\"twitter:data1\" content=\"10\u00a0Minuten\" \/>\n<script type=\"application\/ld+json\" class=\"yoast-schema-graph\">{\"@context\":\"https:\\\/\\\/schema.org\",\"@graph\":[{\"@type\":\"WebPage\",\"@id\":\"https:\\\/\\\/4fils.es\\\/de\\\/firma\\\/\",\"url\":\"https:\\\/\\\/4fils.es\\\/de\\\/firma\\\/\",\"name\":\"Firma - 4Fils\",\"isPartOf\":{\"@id\":\"https:\\\/\\\/4fils.es\\\/#website\"},\"datePublished\":\"2022-05-23T16:10:18+00:00\",\"dateModified\":\"2022-11-02T09:45:15+00:00\",\"breadcrumb\":{\"@id\":\"https:\\\/\\\/4fils.es\\\/de\\\/firma\\\/#breadcrumb\"},\"inLanguage\":\"de\",\"potentialAction\":[{\"@type\":\"ReadAction\",\"target\":[\"https:\\\/\\\/4fils.es\\\/de\\\/firma\\\/\"]}]},{\"@type\":\"BreadcrumbList\",\"@id\":\"https:\\\/\\\/4fils.es\\\/de\\\/firma\\\/#breadcrumb\",\"itemListElement\":[{\"@type\":\"ListItem\",\"position\":1,\"name\":\"Portada\",\"item\":\"https:\\\/\\\/4fils.es\\\/de\\\/\"},{\"@type\":\"ListItem\",\"position\":2,\"name\":\"Firma\"}]},{\"@type\":\"WebSite\",\"@id\":\"https:\\\/\\\/4fils.es\\\/#website\",\"url\":\"https:\\\/\\\/4fils.es\\\/\",\"name\":\"4Fils\",\"description\":\"Ingenieria e instalaciones\",\"potentialAction\":[{\"@type\":\"SearchAction\",\"target\":{\"@type\":\"EntryPoint\",\"urlTemplate\":\"https:\\\/\\\/4fils.es\\\/?s={search_term_string}\"},\"query-input\":{\"@type\":\"PropertyValueSpecification\",\"valueRequired\":true,\"valueName\":\"search_term_string\"}}],\"inLanguage\":\"de\"}]}<\/script>\n<!-- \/ Yoast SEO plugin. -->","yoast_head_json":{"title":"Firma - 4Fils","robots":{"index":"index","follow":"follow","max-snippet":"max-snippet:-1","max-image-preview":"max-image-preview:large","max-video-preview":"max-video-preview:-1"},"canonical":"https:\/\/4fils.es\/de\/firma\/","og_locale":"de_DE","og_type":"article","og_title":"Firma - 4Fils","og_description":"Seit 20104Fils Ingenieurdienstleistungen und AnlagenInstal.lacions 4Fils ist ein mallorquinisches Unternehmen, das im Mai 2010 mit dem klaren Ziel gegr\u00fcndet wurde, die h\u00f6chste Professionalit\u00e4t und Qualit\u00e4t gegen\u00fcber ihren Kunden sicherzustellen. Seit mehr als 11 Jahren widmen wir uns dem Neuanlagenmanagement und Geb\u00e4udesanierungen f\u00fcr nahezu den gesamten Bausektor auf den Balearen. In dieser Zeit hat 4Fils ein [&hellip;]","og_url":"https:\/\/4fils.es\/de\/firma\/","og_site_name":"4Fils","article_modified_time":"2022-11-02T09:45:15+00:00","twitter_card":"summary_large_image","twitter_misc":{"Gesch\u00e4tzte Lesezeit":"10\u00a0Minuten"},"schema":{"@context":"https:\/\/schema.org","@graph":[{"@type":"WebPage","@id":"https:\/\/4fils.es\/de\/firma\/","url":"https:\/\/4fils.es\/de\/firma\/","name":"Firma - 4Fils","isPartOf":{"@id":"https:\/\/4fils.es\/#website"},"datePublished":"2022-05-23T16:10:18+00:00","dateModified":"2022-11-02T09:45:15+00:00","breadcrumb":{"@id":"https:\/\/4fils.es\/de\/firma\/#breadcrumb"},"inLanguage":"de","potentialAction":[{"@type":"ReadAction","target":["https:\/\/4fils.es\/de\/firma\/"]}]},{"@type":"BreadcrumbList","@id":"https:\/\/4fils.es\/de\/firma\/#breadcrumb","itemListElement":[{"@type":"ListItem","position":1,"name":"Portada","item":"https:\/\/4fils.es\/de\/"},{"@type":"ListItem","position":2,"name":"Firma"}]},{"@type":"WebSite","@id":"https:\/\/4fils.es\/#website","url":"https:\/\/4fils.es\/","name":"4Fils","description":"Ingenieria e instalaciones","potentialAction":[{"@type":"SearchAction","target":{"@type":"EntryPoint","urlTemplate":"https:\/\/4fils.es\/?s={search_term_string}"},"query-input":{"@type":"PropertyValueSpecification","valueRequired":true,"valueName":"search_term_string"}}],"inLanguage":"de"}]}},"_links":{"self":[{"href":"https:\/\/4fils.es\/de\/wp-json\/wp\/v2\/pages\/462","targetHints":{"allow":["GET"]}}],"collection":[{"href":"https:\/\/4fils.es\/de\/wp-json\/wp\/v2\/pages"}],"about":[{"href":"https:\/\/4fils.es\/de\/wp-json\/wp\/v2\/types\/page"}],"author":[{"embeddable":true,"href":"https:\/\/4fils.es\/de\/wp-json\/wp\/v2\/users\/1"}],"replies":[{"embeddable":true,"href":"https:\/\/4fils.es\/de\/wp-json\/wp\/v2\/comments?post=462"}],"version-history":[{"count":5,"href":"https:\/\/4fils.es\/de\/wp-json\/wp\/v2\/pages\/462\/revisions"}],"predecessor-version":[{"id":668,"href":"https:\/\/4fils.es\/de\/wp-json\/wp\/v2\/pages\/462\/revisions\/668"}],"wp:attachment":[{"href":"https:\/\/4fils.es\/de\/wp-json\/wp\/v2\/media?parent=462"}],"curies":[{"name":"wp","href":"https:\/\/api.w.org\/{rel}","templated":true}]}}