{"id":848,"date":"2026-04-20T13:00:57","date_gmt":"2026-04-20T13:00:57","guid":{"rendered":"https:\/\/4fils.es\/partner\/"},"modified":"2026-04-21T15:25:56","modified_gmt":"2026-04-21T15:25:56","slug":"partner","status":"publish","type":"page","link":"https:\/\/4fils.es\/de\/partner\/","title":{"rendered":"Partner"},"content":{"rendered":"<p>[et_pb_section fb_built=&#8220;1&#8243; _builder_version=&#8220;4.17.4&#8243; _module_preset=&#8220;default&#8220; background_image=&#8220;https:\/\/4fils.es\/wp-content\/uploads\/2022\/05\/home-2-4fils-min.jpg&#8220; parallax=&#8220;on&#8220; global_colors_info=&#8220;{}&#8220; theme_builder_area=&#8220;post_content&#8220;][et_pb_row custom_padding_last_edited=&#8220;on|phone&#8220; _builder_version=&#8220;4.17.4&#8243; _module_preset=&#8220;default&#8220; custom_padding=&#8220;8vh||||false|false&#8220; custom_padding_tablet=&#8220;45vh||||false|false&#8220; custom_padding_phone=&#8220;35vh||||false|false&#8220; global_colors_info=&#8220;{}&#8220; theme_builder_area=&#8220;post_content&#8220;][et_pb_column type=&#8220;4_4&#8243; _builder_version=&#8220;4.17.4&#8243; _module_preset=&#8220;default&#8220; global_colors_info=&#8220;{}&#8220; theme_builder_area=&#8220;post_content&#8220;][et_pb_text _builder_version=&#8220;4.27.6&#8243; _module_preset=&#8220;default&#8220; header_text_color=&#8220;#ffffff&#8220; animation_style=&#8220;fade&#8220; hover_enabled=&#8220;0&#8243; global_colors_info=&#8220;{}&#8220; theme_builder_area=&#8220;post_content&#8220; sticky_enabled=&#8220;0&#8243;]<\/p>\n<h1>Partner<\/h1>\n<p>[\/et_pb_text][\/et_pb_column][\/et_pb_row][\/et_pb_section][et_pb_section fb_built=&#8220;1&#8243; _builder_version=&#8220;4.17.4&#8243; _module_preset=&#8220;default&#8220; global_colors_info=&#8220;{}&#8220; theme_builder_area=&#8220;post_content&#8220;][et_pb_row _builder_version=&#8220;4.27.6&#8243; _module_preset=&#8220;default&#8220; custom_padding=&#8220;100px||0px|||&#8220; hover_enabled=&#8220;0&#8243; global_colors_info=&#8220;{}&#8220; theme_builder_area=&#8220;post_content&#8220; sticky_enabled=&#8220;0&#8243;][et_pb_column type=&#8220;4_4&#8243; _builder_version=&#8220;4.17.4&#8243; _module_preset=&#8220;default&#8220; custom_padding=&#8220;|5%|||false|false&#8220; global_colors_info=&#8220;{}&#8220; theme_builder_area=&#8220;post_content&#8220;][et_pb_image src=&#8220;https:\/\/4fils.es\/wp-content\/uploads\/2026\/04\/image001.jpg&#8220; title_text=&#8220;image001&#8243; _builder_version=&#8220;4.27.6&#8243; _module_preset=&#8220;default&#8220; global_colors_info=&#8220;{}&#8220; theme_builder_area=&#8220;post_content&#8220; border_radii=&#8220;on|20px|20px|20px|20px&#8220; hover_enabled=&#8220;0&#8243; sticky_enabled=&#8220;0&#8243; width=&#8220;250px&#8220; module_alignment=&#8220;center&#8220;][\/et_pb_image][et_pb_text _builder_version=&#8220;4.27.6&#8243; _module_preset=&#8220;default&#8220; animation_style=&#8220;fade&#8220; hover_enabled=&#8220;0&#8243; global_colors_info=&#8220;{}&#8220; theme_builder_area=&#8220;post_content&#8220; sticky_enabled=&#8220;0&#8243; custom_margin=&#8220;||-1px|||&#8220; text_orientation=&#8220;center&#8220;]<\/p>\n<h2>Bartolom\u00e9 Nicolau Llobera<\/h2>\n<p>[\/et_pb_text][et_pb_text _builder_version=&#8220;4.27.6&#8243; _module_preset=&#8220;default&#8220; theme_builder_area=&#8220;post_content&#8220; hover_enabled=&#8220;0&#8243; sticky_enabled=&#8220;0&#8243; text_orientation=&#8220;center&#8220;]<\/p>\n<p><em>Gesch\u00e4ftsf\u00fchrender Direktor und Senior Partner<\/em><\/p>\n<p>[\/et_pb_text][et_pb_text _builder_version=&#8220;4.27.6&#8243; _module_preset=&#8220;default&#8220; theme_builder_area=&#8220;post_content&#8220; hover_enabled=&#8220;0&#8243; sticky_enabled=&#8220;0&#8243; text_orientation=&#8220;center&#8220;]<\/p>\n<p>Wirtschaftsingenieur mit umfangreicher Erfahrung in der Elektrobranche.<\/p>\n<p>30 Jahre Erfahrung in den Bereichen Engineering, Bauleitung und Ausf\u00fchrung von Elektroinstallationen und -baugruppen.<\/p>\n<p><a href=\"https:\/\/linkedin.com\/in\/bartolom%C3%A9-n-ab640146\" target=\"_blank\" rel=\"noopener\">Linkedin<\/a><\/p>\n<p>&nbsp;<\/p>\n<p>[\/et_pb_text][\/et_pb_column][\/et_pb_row][et_pb_row column_structure=&#8220;1_2,1_2&#8243; _builder_version=&#8220;4.17.4&#8243; _module_preset=&#8220;default&#8220; custom_padding=&#8220;65px||0px|||&#8220; global_colors_info=&#8220;{}&#8220; theme_builder_area=&#8220;post_content&#8220;][et_pb_column type=&#8220;1_2&#8243; _builder_version=&#8220;4.17.4&#8243; _module_preset=&#8220;default&#8220; custom_padding=&#8220;|5%|||false|false&#8220; global_colors_info=&#8220;{}&#8220; theme_builder_area=&#8220;post_content&#8220;][et_pb_text _builder_version=&#8220;4.27.6&#8243; _module_preset=&#8220;default&#8220; animation_style=&#8220;fade&#8220; hover_enabled=&#8220;0&#8243; global_colors_info=&#8220;{}&#8220; theme_builder_area=&#8220;post_content&#8220; sticky_enabled=&#8220;0&#8243; custom_margin=&#8220;||-1px|||&#8220; text_orientation=&#8220;center&#8220;]<\/p>\n<h2>Mat\u00edas Noguera<\/h2>\n<p>[\/et_pb_text][et_pb_text _builder_version=&#8220;4.27.6&#8243; _module_preset=&#8220;default&#8220; theme_builder_area=&#8220;post_content&#8220; hover_enabled=&#8220;0&#8243; sticky_enabled=&#8220;0&#8243; text_orientation=&#8220;center&#8220;]<\/p>\n<p><em>Partner<\/em><\/p>\n<p>[\/et_pb_text][\/et_pb_column][et_pb_column type=&#8220;1_2&#8243; _builder_version=&#8220;4.17.4&#8243; _module_preset=&#8220;default&#8220; custom_padding=&#8220;|||5%|false|false&#8220; global_colors_info=&#8220;{}&#8220; theme_builder_area=&#8220;post_content&#8220;][et_pb_text _builder_version=&#8220;4.27.6&#8243; _module_preset=&#8220;default&#8220; animation_style=&#8220;fade&#8220; hover_enabled=&#8220;0&#8243; global_colors_info=&#8220;{}&#8220; theme_builder_area=&#8220;post_content&#8220; sticky_enabled=&#8220;0&#8243; custom_margin=&#8220;||-1px|||&#8220; text_orientation=&#8220;center&#8220;]<\/p>\n<h2>Gabriel Ferrer<\/h2>\n<p>[\/et_pb_text][et_pb_text _builder_version=&#8220;4.27.6&#8243; _module_preset=&#8220;default&#8220; theme_builder_area=&#8220;post_content&#8220; hover_enabled=&#8220;0&#8243; sticky_enabled=&#8220;0&#8243; text_orientation=&#8220;center&#8220;]<\/p>\n<p><em>Partner<\/em><\/p>\n<p>[\/et_pb_text][\/et_pb_column][\/et_pb_row][\/et_pb_section]<\/p>\n","protected":false},"excerpt":{"rendered":"<p>PartnerBartolom\u00e9 Nicolau LloberaGesch\u00e4ftsf\u00fchrender Direktor und Senior PartnerWirtschaftsingenieur mit umfangreicher Erfahrung in der Elektrobranche. 30 Jahre Erfahrung in den Bereichen Engineering, Bauleitung und Ausf\u00fchrung von Elektroinstallationen und -baugruppen. Linkedin &nbsp;Mat\u00edas NogueraPartnerGabriel FerrerPartner<\/p>\n","protected":false},"author":1,"featured_media":0,"parent":0,"menu_order":0,"comment_status":"closed","ping_status":"closed","template":"","meta":{"_et_pb_use_builder":"on","_et_pb_old_content":"","_et_gb_content_width":"","footnotes":""},"class_list":["post-848","page","type-page","status-publish","hentry"],"yoast_head":"<!-- This site is optimized with the Yoast SEO plugin v27.4 - https:\/\/yoast.com\/product\/yoast-seo-wordpress\/ -->\n<title>Partner - 4Fils<\/title>\n<meta name=\"robots\" content=\"index, follow, max-snippet:-1, max-image-preview:large, max-video-preview:-1\" \/>\n<link rel=\"canonical\" href=\"https:\/\/4fils.es\/de\/partner\/\" \/>\n<meta property=\"og:locale\" content=\"de_DE\" \/>\n<meta property=\"og:type\" content=\"article\" \/>\n<meta property=\"og:title\" content=\"Partner - 4Fils\" \/>\n<meta property=\"og:description\" content=\"PartnerBartolom\u00e9 Nicolau LloberaGesch\u00e4ftsf\u00fchrender Direktor und Senior PartnerWirtschaftsingenieur mit umfangreicher Erfahrung in der Elektrobranche. 30 Jahre Erfahrung in den Bereichen Engineering, Bauleitung und Ausf\u00fchrung von Elektroinstallationen und -baugruppen. Linkedin &nbsp;Mat\u00edas NogueraPartnerGabriel FerrerPartner\" \/>\n<meta property=\"og:url\" content=\"https:\/\/4fils.es\/de\/partner\/\" \/>\n<meta property=\"og:site_name\" content=\"4Fils\" \/>\n<meta property=\"article:modified_time\" content=\"2026-04-21T15:25:56+00:00\" \/>\n<meta name=\"twitter:card\" content=\"summary_large_image\" \/>\n<meta name=\"twitter:label1\" content=\"Gesch\u00e4tzte Lesezeit\" \/>\n\t<meta name=\"twitter:data1\" content=\"3\u00a0Minuten\" \/>\n<script type=\"application\/ld+json\" class=\"yoast-schema-graph\">{\"@context\":\"https:\\\/\\\/schema.org\",\"@graph\":[{\"@type\":\"WebPage\",\"@id\":\"https:\\\/\\\/4fils.es\\\/de\\\/partner\\\/\",\"url\":\"https:\\\/\\\/4fils.es\\\/de\\\/partner\\\/\",\"name\":\"Partner - 4Fils\",\"isPartOf\":{\"@id\":\"https:\\\/\\\/4fils.es\\\/#website\"},\"datePublished\":\"2026-04-20T13:00:57+00:00\",\"dateModified\":\"2026-04-21T15:25:56+00:00\",\"breadcrumb\":{\"@id\":\"https:\\\/\\\/4fils.es\\\/de\\\/partner\\\/#breadcrumb\"},\"inLanguage\":\"de\",\"potentialAction\":[{\"@type\":\"ReadAction\",\"target\":[\"https:\\\/\\\/4fils.es\\\/de\\\/partner\\\/\"]}]},{\"@type\":\"BreadcrumbList\",\"@id\":\"https:\\\/\\\/4fils.es\\\/de\\\/partner\\\/#breadcrumb\",\"itemListElement\":[{\"@type\":\"ListItem\",\"position\":1,\"name\":\"Portada\",\"item\":\"https:\\\/\\\/4fils.es\\\/de\\\/\"},{\"@type\":\"ListItem\",\"position\":2,\"name\":\"Partner\"}]},{\"@type\":\"WebSite\",\"@id\":\"https:\\\/\\\/4fils.es\\\/#website\",\"url\":\"https:\\\/\\\/4fils.es\\\/\",\"name\":\"4Fils\",\"description\":\"Ingenieria e instalaciones\",\"potentialAction\":[{\"@type\":\"SearchAction\",\"target\":{\"@type\":\"EntryPoint\",\"urlTemplate\":\"https:\\\/\\\/4fils.es\\\/?s={search_term_string}\"},\"query-input\":{\"@type\":\"PropertyValueSpecification\",\"valueRequired\":true,\"valueName\":\"search_term_string\"}}],\"inLanguage\":\"de\"}]}<\/script>\n<!-- \/ Yoast SEO plugin. -->","yoast_head_json":{"title":"Partner - 4Fils","robots":{"index":"index","follow":"follow","max-snippet":"max-snippet:-1","max-image-preview":"max-image-preview:large","max-video-preview":"max-video-preview:-1"},"canonical":"https:\/\/4fils.es\/de\/partner\/","og_locale":"de_DE","og_type":"article","og_title":"Partner - 4Fils","og_description":"PartnerBartolom\u00e9 Nicolau LloberaGesch\u00e4ftsf\u00fchrender Direktor und Senior PartnerWirtschaftsingenieur mit umfangreicher Erfahrung in der Elektrobranche. 30 Jahre Erfahrung in den Bereichen Engineering, Bauleitung und Ausf\u00fchrung von Elektroinstallationen und -baugruppen. Linkedin &nbsp;Mat\u00edas NogueraPartnerGabriel FerrerPartner","og_url":"https:\/\/4fils.es\/de\/partner\/","og_site_name":"4Fils","article_modified_time":"2026-04-21T15:25:56+00:00","twitter_card":"summary_large_image","twitter_misc":{"Gesch\u00e4tzte Lesezeit":"3\u00a0Minuten"},"schema":{"@context":"https:\/\/schema.org","@graph":[{"@type":"WebPage","@id":"https:\/\/4fils.es\/de\/partner\/","url":"https:\/\/4fils.es\/de\/partner\/","name":"Partner - 4Fils","isPartOf":{"@id":"https:\/\/4fils.es\/#website"},"datePublished":"2026-04-20T13:00:57+00:00","dateModified":"2026-04-21T15:25:56+00:00","breadcrumb":{"@id":"https:\/\/4fils.es\/de\/partner\/#breadcrumb"},"inLanguage":"de","potentialAction":[{"@type":"ReadAction","target":["https:\/\/4fils.es\/de\/partner\/"]}]},{"@type":"BreadcrumbList","@id":"https:\/\/4fils.es\/de\/partner\/#breadcrumb","itemListElement":[{"@type":"ListItem","position":1,"name":"Portada","item":"https:\/\/4fils.es\/de\/"},{"@type":"ListItem","position":2,"name":"Partner"}]},{"@type":"WebSite","@id":"https:\/\/4fils.es\/#website","url":"https:\/\/4fils.es\/","name":"4Fils","description":"Ingenieria e instalaciones","potentialAction":[{"@type":"SearchAction","target":{"@type":"EntryPoint","urlTemplate":"https:\/\/4fils.es\/?s={search_term_string}"},"query-input":{"@type":"PropertyValueSpecification","valueRequired":true,"valueName":"search_term_string"}}],"inLanguage":"de"}]}},"_links":{"self":[{"href":"https:\/\/4fils.es\/de\/wp-json\/wp\/v2\/pages\/848","targetHints":{"allow":["GET"]}}],"collection":[{"href":"https:\/\/4fils.es\/de\/wp-json\/wp\/v2\/pages"}],"about":[{"href":"https:\/\/4fils.es\/de\/wp-json\/wp\/v2\/types\/page"}],"author":[{"embeddable":true,"href":"https:\/\/4fils.es\/de\/wp-json\/wp\/v2\/users\/1"}],"replies":[{"embeddable":true,"href":"https:\/\/4fils.es\/de\/wp-json\/wp\/v2\/comments?post=848"}],"version-history":[{"count":2,"href":"https:\/\/4fils.es\/de\/wp-json\/wp\/v2\/pages\/848\/revisions"}],"predecessor-version":[{"id":850,"href":"https:\/\/4fils.es\/de\/wp-json\/wp\/v2\/pages\/848\/revisions\/850"}],"wp:attachment":[{"href":"https:\/\/4fils.es\/de\/wp-json\/wp\/v2\/media?parent=848"}],"curies":[{"name":"wp","href":"https:\/\/api.w.org\/{rel}","templated":true}]}}